{"id":130,"date":"2017-03-16T08:14:36","date_gmt":"2017-03-16T08:14:36","guid":{"rendered":"http:\/\/elultimotango.com\/eut\/?page_id=130"},"modified":"2017-03-20T16:46:48","modified_gmt":"2017-03-20T16:46:48","slug":"el-ultimo-tango-plays-astor-piazzolla","status":"publish","type":"page","link":"https:\/\/elultimotango.com\/eut\/recordings\/el-ultimo-tango-plays-astor-piazzolla\/","title":{"rendered":"El Ultimo Tango plays Astor Piazzolla"},"content":{"rendered":"<p><a href=\"http:\/\/elultimotango.com\/eut\/wp-content\/uploads\/2017\/03\/page8_3.png\"><img loading=\"lazy\" decoding=\"async\" src=\"http:\/\/elultimotango.com\/eut\/wp-content\/uploads\/2017\/03\/page8_3.png\" alt=\"\" width=\"198\" height=\"194\" class=\"alignleft size-full wp-image-56\" \/><\/a><\/p>\n<ol style=\"clear:both\";>\n<li>Libertango<\/li>\n<li>Decarissimo<br \/>\n            <audio class=\"wp-audio-shortcode\" id=\"audio-130-1\" preload=\"none\" style=\"width: 100%;\" controls=\"controls\"><source type=\"audio\/mpeg\" src=\"http:\/\/elultimotango.com\/eut\/wp-content\/uploads\/2017\/03\/Decarisimo.mp3?_=1\" \/><a href=\"http:\/\/elultimotango.com\/eut\/wp-content\/uploads\/2017\/03\/Decarisimo.mp3\">http:\/\/elultimotango.com\/eut\/wp-content\/uploads\/2017\/03\/Decarisimo.mp3<\/a><\/audio><\/li>\n<li>Preludio<\/li>\n<li>Bragatissimo<\/li>\n<li>Buenos Aires Hora Cero<\/li>\n<li>Lunfardo<br \/>\n            <audio class=\"wp-audio-shortcode\" id=\"audio-130-2\" preload=\"none\" style=\"width: 100%;\" controls=\"controls\"><source type=\"audio\/mpeg\" src=\"http:\/\/elultimotango.com\/eut\/wp-content\/uploads\/2017\/03\/Lunfardo.mp3?_=2\" \/><a href=\"http:\/\/elultimotango.com\/eut\/wp-content\/uploads\/2017\/03\/Lunfardo.mp3\">http:\/\/elultimotango.com\/eut\/wp-content\/uploads\/2017\/03\/Lunfardo.mp3<\/a><\/audio><\/li>\n<li>Adios Nonino<\/li>\n<li>Oblivi\u00f3n<br \/>\n            <audio class=\"wp-audio-shortcode\" id=\"audio-130-3\" preload=\"none\" style=\"width: 100%;\" controls=\"controls\"><source type=\"audio\/mpeg\" src=\"http:\/\/elultimotango.com\/eut\/wp-content\/uploads\/2017\/03\/Oblivion.mp3?_=3\" \/><a href=\"http:\/\/elultimotango.com\/eut\/wp-content\/uploads\/2017\/03\/Oblivion.mp3\">http:\/\/elultimotango.com\/eut\/wp-content\/uploads\/2017\/03\/Oblivion.mp3<\/a><\/audio><\/li>\n<li>Primavera Portena<br \/>\n            <audio class=\"wp-audio-shortcode\" id=\"audio-130-4\" preload=\"none\" style=\"width: 100%;\" controls=\"controls\"><source type=\"audio\/mpeg\" src=\"http:\/\/elultimotango.com\/eut\/wp-content\/uploads\/2017\/03\/Primavera.mp3?_=4\" \/><a href=\"http:\/\/elultimotango.com\/eut\/wp-content\/uploads\/2017\/03\/Primavera.mp3\">http:\/\/elultimotango.com\/eut\/wp-content\/uploads\/2017\/03\/Primavera.mp3<\/a><\/audio><\/li>\n<li>Verano Porte\u00f1o<\/li>\n<li>Otono Porte\u00f1o<br \/>\n            <audio class=\"wp-audio-shortcode\" id=\"audio-130-5\" preload=\"none\" style=\"width: 100%;\" controls=\"controls\"><source type=\"audio\/mpeg\" src=\"http:\/\/elultimotango.com\/eut\/wp-content\/uploads\/2017\/03\/Otono.mp3?_=5\" \/><a href=\"http:\/\/elultimotango.com\/eut\/wp-content\/uploads\/2017\/03\/Otono.mp3\">http:\/\/elultimotango.com\/eut\/wp-content\/uploads\/2017\/03\/Otono.mp3<\/a><\/audio><\/li>\n<li>Invierno Porte\u00f1o<\/li>\n<\/ol>\n<p>&nbsp;<br \/>\nTo buy a copy of this CD please go to <a href=\"https:\/\/www.somm-recordings.com\/\" target=\"_blank\">SOMM RECORDINGS<\/a><\/p>\n","protected":false},"excerpt":{"rendered":"<p>Libertango Decarissimo Preludio Bragatissimo Buenos Aires Hora Cero Lunfardo Adios Nonino Oblivi\u00f3n Primavera Portena Verano Porte\u00f1o Otono Porte\u00f1o Invierno Porte\u00f1o &nbsp; To buy a copy of this CD please go to SOMM RECORDINGS<\/p>\n <a class=\"more-link\" href=\"https:\/\/elultimotango.com\/eut\/recordings\/el-ultimo-tango-plays-astor-piazzolla\/\"><span class=\"more-msg\">Continue reading &rarr;<\/span><\/a>","protected":false},"author":1,"featured_media":0,"parent":133,"menu_order":0,"comment_status":"closed","ping_status":"closed","template":"","meta":{"footnotes":""},"class_list":["post-130","page","type-page","status-publish","hentry"],"_links":{"self":[{"href":"https:\/\/elultimotango.com\/eut\/wp-json\/wp\/v2\/pages\/130","targetHints":{"allow":["GET"]}}],"collection":[{"href":"https:\/\/elultimotango.com\/eut\/wp-json\/wp\/v2\/pages"}],"about":[{"href":"https:\/\/elultimotango.com\/eut\/wp-json\/wp\/v2\/types\/page"}],"author":[{"embeddable":true,"href":"https:\/\/elultimotango.com\/eut\/wp-json\/wp\/v2\/users\/1"}],"replies":[{"embeddable":true,"href":"https:\/\/elultimotango.com\/eut\/wp-json\/wp\/v2\/comments?post=130"}],"version-history":[{"count":3,"href":"https:\/\/elultimotango.com\/eut\/wp-json\/wp\/v2\/pages\/130\/revisions"}],"predecessor-version":[{"id":141,"href":"https:\/\/elultimotango.com\/eut\/wp-json\/wp\/v2\/pages\/130\/revisions\/141"}],"up":[{"embeddable":true,"href":"https:\/\/elultimotango.com\/eut\/wp-json\/wp\/v2\/pages\/133"}],"wp:attachment":[{"href":"https:\/\/elultimotango.com\/eut\/wp-json\/wp\/v2\/media?parent=130"}],"curies":[{"name":"wp","href":"https:\/\/api.w.org\/{rel}","templated":true}]}}