{"id":128,"date":"2017-03-16T08:14:00","date_gmt":"2017-03-16T08:14:00","guid":{"rendered":"http:\/\/elultimotango.com\/eut\/?page_id=128"},"modified":"2017-03-29T11:31:23","modified_gmt":"2017-03-29T10:31:23","slug":"le-grand-tango","status":"publish","type":"page","link":"https:\/\/elultimotango.com\/eut\/recordings\/le-grand-tango\/","title":{"rendered":"Le Grand Tango"},"content":{"rendered":"<p>(El Ultimo Tango with Lloica Czackis \/ vocals)<br \/>\n<a href=\"http:\/\/elultimotango.com\/eut\/wp-content\/uploads\/2017\/03\/page8_1.png\"><img loading=\"lazy\" decoding=\"async\" src=\"http:\/\/elultimotango.com\/eut\/wp-content\/uploads\/2017\/03\/page8_1.png\" alt=\"\" width=\"156\" height=\"156\" class=\"alignleft size-full wp-image-53\" srcset=\"https:\/\/elultimotango.com\/eut\/wp-content\/uploads\/2017\/03\/page8_1.png 156w, https:\/\/elultimotango.com\/eut\/wp-content\/uploads\/2017\/03\/page8_1-150x150.png 150w\" sizes=\"auto, (max-width: 156px) 100vw, 156px\" \/><\/a><\/p>\n<ol style=\"clear:both\";>\n<li>Le Grand Tango (Piazzolla)<\/li>\n<li>Pigmali\u00f3n (Piazzolla)<\/li>\n<li>Alguien le dice al Tango (Piazzolla)<\/li>\n<li>Jacinto Chiclana (Piazzolla)<br \/>\n            <audio class=\"wp-audio-shortcode\" id=\"audio-128-1\" preload=\"none\" style=\"width: 100%;\" controls=\"controls\"><source type=\"audio\/mpeg\" src=\"http:\/\/elultimotango.com\/eut\/wp-content\/uploads\/2017\/03\/JacintoChiclana.mp3?_=1\" \/><a href=\"http:\/\/elultimotango.com\/eut\/wp-content\/uploads\/2017\/03\/JacintoChiclana.mp3\">http:\/\/elultimotango.com\/eut\/wp-content\/uploads\/2017\/03\/JacintoChiclana.mp3<\/a><\/audio><\/li>\n<li>El T\u00edtere (Piazzolla)<\/li>\n<li>A Don Nicanor Paredes (Piazzolla)<\/li>\n<li>Casanova (Nick Wiltshire)<br \/>\n            <audio class=\"wp-audio-shortcode\" id=\"audio-128-2\" preload=\"none\" style=\"width: 100%;\" controls=\"controls\"><source type=\"audio\/mpeg\" src=\"http:\/\/elultimotango.com\/eut\/wp-content\/uploads\/2017\/03\/Casanova.mp3?_=2\" \/><a href=\"http:\/\/elultimotango.com\/eut\/wp-content\/uploads\/2017\/03\/Casanova.mp3\">http:\/\/elultimotango.com\/eut\/wp-content\/uploads\/2017\/03\/Casanova.mp3<\/a><\/audio><\/li>\n<li>El Choclo (Angel Villoldo)<\/li>\n<li>Chiquil\u00edn de Bachin (Piazzolla)<\/li>\n<li>Milonga en ay menor (Piazzolla)<br \/>\n            <audio class=\"wp-audio-shortcode\" id=\"audio-128-3\" preload=\"none\" style=\"width: 100%;\" controls=\"controls\"><source type=\"audio\/mpeg\" src=\"http:\/\/elultimotango.com\/eut\/wp-content\/uploads\/2017\/03\/Milongaenaymenor.mp3?_=3\" \/><a href=\"http:\/\/elultimotango.com\/eut\/wp-content\/uploads\/2017\/03\/Milongaenaymenor.mp3\">http:\/\/elultimotango.com\/eut\/wp-content\/uploads\/2017\/03\/Milongaenaymenor.mp3<\/a><\/audio><\/li>\n<li>Peque\u00f1a cancion para Matilde (Piazzolla)<br \/>\n            <audio class=\"wp-audio-shortcode\" id=\"audio-128-4\" preload=\"none\" style=\"width: 100%;\" controls=\"controls\"><source type=\"audio\/mpeg\" src=\"http:\/\/elultimotango.com\/eut\/wp-content\/uploads\/2017\/03\/Pequenacancion.mp3?_=4\" \/><a href=\"http:\/\/elultimotango.com\/eut\/wp-content\/uploads\/2017\/03\/Pequenacancion.mp3\">http:\/\/elultimotango.com\/eut\/wp-content\/uploads\/2017\/03\/Pequenacancion.mp3<\/a><\/audio><\/li>\n<li>Los p\u00e1jaros perdidos (Piazzolla)<\/li>\n<li>Tango &#8211; Etude 3 (Piazzolla)<\/li>\n<li>Tango &#8211; Etude 4 (Piazzolla)<\/li>\n<li>Milonga del Angel (Piazzolla)<br \/>\n            <audio class=\"wp-audio-shortcode\" id=\"audio-128-5\" preload=\"none\" style=\"width: 100%;\" controls=\"controls\"><source type=\"audio\/mpeg\" src=\"http:\/\/elultimotango.com\/eut\/wp-content\/uploads\/2017\/03\/MuertedelAngel.mp3?_=5\" \/><a href=\"http:\/\/elultimotango.com\/eut\/wp-content\/uploads\/2017\/03\/MuertedelAngel.mp3\">http:\/\/elultimotango.com\/eut\/wp-content\/uploads\/2017\/03\/MuertedelAngel.mp3<\/a><\/audio><\/li>\n<li>Muerte del Angel (Piazzolla)<\/li>\n<li>Resurrecci\u00f3n del Angel (Piazzolla)<\/li>\n<\/ol>\n<p>(\u00a9 2006 \/ EUT-612)<br \/>\n&nbsp;<br \/>\n<div id=\"attachment_55\" style=\"width: 310px\" class=\"wp-caption alignright\"><a href=\"http:\/\/elultimotango.com\/eut\/wp-content\/uploads\/2017\/03\/legrandtango2.png\"><img loading=\"lazy\" decoding=\"async\" aria-describedby=\"caption-attachment-55\" src=\"http:\/\/elultimotango.com\/eut\/wp-content\/uploads\/2017\/03\/legrandtango2-300x150.png\" alt=\"\" width=\"300\" height=\"150\" class=\"size-medium wp-image-55\" srcset=\"https:\/\/elultimotango.com\/eut\/wp-content\/uploads\/2017\/03\/legrandtango2-300x150.png 300w, https:\/\/elultimotango.com\/eut\/wp-content\/uploads\/2017\/03\/legrandtango2-768x384.png 768w, https:\/\/elultimotango.com\/eut\/wp-content\/uploads\/2017\/03\/legrandtango2.png 951w\" sizes=\"auto, (max-width: 300px) 100vw, 300px\" \/><\/a><p id=\"caption-attachment-55\" class=\"wp-caption-text\">(Click on image to enlarge)<\/p><\/div><br \/>\n<strong>Buy the CD:<\/strong><\/p>\n<p>The price includes postage &#038; packing.<\/p>\n<form action=\"https:\/\/www.paypal.com\/cgi-bin\/webscr\" method=\"post\" target=\"_top\">\n<input type=\"hidden\" name=\"cmd\" value=\"_s-xclick\"><br \/>\n<input type=\"hidden\" name=\"hosted_button_id\" value=\"2Q8SQQDS3AYTQ\"><\/p>\n<table>\n<tr>\n<td><input type=\"hidden\" name=\"on0\" value=\"Please select:\">Please select:<\/td>\n<\/tr>\n<tr>\n<td><select name=\"os0\"><option value=\"UK\">UK \u00a312.00 GBP<\/option><option value=\"Europe\">Europe \u00a313.50 GBP<\/option><option value=\"The rest of the world\">The rest of the world \u00a314.50 GBP<\/option><\/select> <\/td>\n<\/tr>\n<\/table>\n<p><input type=\"hidden\" name=\"currency_code\" value=\"GBP\"><br \/>\n<input type=\"image\" src=\"https:\/\/www.paypalobjects.com\/en_US\/GB\/i\/btn\/btn_buynowCC_LG.gif\" border=\"0\" name=\"submit\" alt=\"PayPal \u2013 The safer, easier way to pay online!\"><br \/>\n<img loading=\"lazy\" decoding=\"async\" alt=\"\" border=\"0\" src=\"https:\/\/www.paypalobjects.com\/en_GB\/i\/scr\/pixel.gif\" width=\"1\" height=\"1\"><br \/>\n<\/form>\n","protected":false},"excerpt":{"rendered":"<p>(El Ultimo Tango with Lloica Czackis \/ vocals) Le Grand Tango (Piazzolla) Pigmali\u00f3n (Piazzolla) Alguien le dice al Tango (Piazzolla) Jacinto Chiclana (Piazzolla) El T\u00edtere (Piazzolla) A Don Nicanor Paredes (Piazzolla) Casanova (Nick Wiltshire) El Choclo (Angel Villoldo) Chiquil\u00edn de <span class=\"excerpt-dots\">&hellip;<\/span> <a class=\"more-link\" href=\"https:\/\/elultimotango.com\/eut\/recordings\/le-grand-tango\/\"><span class=\"more-msg\">Continue reading &rarr;<\/span><\/a><\/p>\n","protected":false},"author":1,"featured_media":0,"parent":133,"menu_order":0,"comment_status":"closed","ping_status":"closed","template":"","meta":{"footnotes":""},"class_list":["post-128","page","type-page","status-publish","hentry"],"_links":{"self":[{"href":"https:\/\/elultimotango.com\/eut\/wp-json\/wp\/v2\/pages\/128","targetHints":{"allow":["GET"]}}],"collection":[{"href":"https:\/\/elultimotango.com\/eut\/wp-json\/wp\/v2\/pages"}],"about":[{"href":"https:\/\/elultimotango.com\/eut\/wp-json\/wp\/v2\/types\/page"}],"author":[{"embeddable":true,"href":"https:\/\/elultimotango.com\/eut\/wp-json\/wp\/v2\/users\/1"}],"replies":[{"embeddable":true,"href":"https:\/\/elultimotango.com\/eut\/wp-json\/wp\/v2\/comments?post=128"}],"version-history":[{"count":9,"href":"https:\/\/elultimotango.com\/eut\/wp-json\/wp\/v2\/pages\/128\/revisions"}],"predecessor-version":[{"id":170,"href":"https:\/\/elultimotango.com\/eut\/wp-json\/wp\/v2\/pages\/128\/revisions\/170"}],"up":[{"embeddable":true,"href":"https:\/\/elultimotango.com\/eut\/wp-json\/wp\/v2\/pages\/133"}],"wp:attachment":[{"href":"https:\/\/elultimotango.com\/eut\/wp-json\/wp\/v2\/media?parent=128"}],"curies":[{"name":"wp","href":"https:\/\/api.w.org\/{rel}","templated":true}]}}